{"id":103,"date":"2024-06-19T13:16:03","date_gmt":"2024-06-19T13:16:03","guid":{"rendered":"https:\/\/anita-femowo-zirndorf.de\/?page_id=103"},"modified":"2024-06-27T05:36:33","modified_gmt":"2024-06-27T05:36:33","slug":"gastronomie","status":"publish","type":"page","link":"https:\/\/anita-femowo-zirndorf.de\/?page_id=103","title":{"rendered":"Gastronomie"},"content":{"rendered":"\n<h2 class=\"wp-block-heading has-medium-font-size\" style=\"font-style:normal;font-weight:400\"><strong>fr\u00e4nkische K\u00fcche:<\/strong><br><a href=\"http:\/\/www.altstadtklause-zirndorf.de\" data-type=\"link\" data-id=\"www.altstadtklause-zirndorf.de\">www.altstadtklause-zirndorf.de<\/a><\/h2>\n\n\n\n<figure class=\"wp-block-gallery has-nested-images columns-4 is-cropped wp-block-gallery-1 is-layout-flex wp-block-gallery-is-layout-flex\">\n<figure class=\"wp-block-image size-medium\"><img loading=\"lazy\" decoding=\"async\" width=\"300\" height=\"151\" data-id=\"240\" src=\"https:\/\/anita-femowo-zirndorf.de\/wp-content\/uploads\/2024\/06\/essen-3-300x151.png\" alt=\"\" class=\"wp-image-240\" srcset=\"https:\/\/anita-femowo-zirndorf.de\/wp-content\/uploads\/2024\/06\/essen-3-300x151.png 300w, https:\/\/anita-femowo-zirndorf.de\/wp-content\/uploads\/2024\/06\/essen-3-1024x516.png 1024w, https:\/\/anita-femowo-zirndorf.de\/wp-content\/uploads\/2024\/06\/essen-3-768x387.png 768w, https:\/\/anita-femowo-zirndorf.de\/wp-content\/uploads\/2024\/06\/essen-3-1536x774.png 1536w, https:\/\/anita-femowo-zirndorf.de\/wp-content\/uploads\/2024\/06\/essen-3-960x480.png 960w, https:\/\/anita-femowo-zirndorf.de\/wp-content\/uploads\/2024\/06\/essen-3.png 1611w\" sizes=\"auto, (max-width: 300px) 100vw, 300px\" \/><\/figure>\n\n\n\n<figure class=\"wp-block-image size-medium\"><img loading=\"lazy\" decoding=\"async\" width=\"300\" height=\"169\" data-id=\"237\" src=\"https:\/\/anita-femowo-zirndorf.de\/wp-content\/uploads\/2024\/06\/IMG_20240512_195400101-3-300x169.jpg\" alt=\"\" class=\"wp-image-237\" srcset=\"https:\/\/anita-femowo-zirndorf.de\/wp-content\/uploads\/2024\/06\/IMG_20240512_195400101-3-300x169.jpg 300w, https:\/\/anita-femowo-zirndorf.de\/wp-content\/uploads\/2024\/06\/IMG_20240512_195400101-3.jpg 500w\" sizes=\"auto, (max-width: 300px) 100vw, 300px\" \/><\/figure>\n\n\n\n<figure class=\"wp-block-image size-medium\"><img loading=\"lazy\" decoding=\"async\" width=\"300\" height=\"225\" data-id=\"239\" src=\"https:\/\/anita-femowo-zirndorf.de\/wp-content\/uploads\/2024\/06\/2-1-300x225.jpg\" alt=\"\" class=\"wp-image-239\" srcset=\"https:\/\/anita-femowo-zirndorf.de\/wp-content\/uploads\/2024\/06\/2-1-300x225.jpg 300w, https:\/\/anita-femowo-zirndorf.de\/wp-content\/uploads\/2024\/06\/2-1-1024x768.jpg 1024w, https:\/\/anita-femowo-zirndorf.de\/wp-content\/uploads\/2024\/06\/2-1-768x576.jpg 768w, https:\/\/anita-femowo-zirndorf.de\/wp-content\/uploads\/2024\/06\/2-1.jpg 1360w\" sizes=\"auto, (max-width: 300px) 100vw, 300px\" \/><\/figure>\n\n\n\n<figure class=\"wp-block-image size-medium\"><img loading=\"lazy\" decoding=\"async\" width=\"225\" height=\"300\" data-id=\"238\" src=\"https:\/\/anita-femowo-zirndorf.de\/wp-content\/uploads\/2024\/06\/3-1-225x300.jpg\" alt=\"\" class=\"wp-image-238\" srcset=\"https:\/\/anita-femowo-zirndorf.de\/wp-content\/uploads\/2024\/06\/3-1-225x300.jpg 225w, https:\/\/anita-femowo-zirndorf.de\/wp-content\/uploads\/2024\/06\/3-1.jpg 765w\" sizes=\"auto, (max-width: 225px) 100vw, 225px\" \/><\/figure>\n<\/figure>\n\n\n\n<h2 class=\"wp-block-heading has-medium-font-size\" style=\"font-style:normal;font-weight:400\"><a href=\"https:\/\/www.braeuschank.de\/\" data-type=\"link\" data-id=\"https:\/\/www.braeuschank.de\/\">www.braeuschank.de<\/a><\/h2>\n\n\n\n<figure class=\"wp-block-gallery has-nested-images columns-4 is-cropped wp-block-gallery-2 is-layout-flex wp-block-gallery-is-layout-flex\">\n<figure class=\"wp-block-image size-medium\"><img loading=\"lazy\" decoding=\"async\" width=\"300\" height=\"225\" data-id=\"243\" src=\"https:\/\/anita-femowo-zirndorf.de\/wp-content\/uploads\/2024\/06\/B1-300x225.jpg\" alt=\"\" class=\"wp-image-243\" srcset=\"https:\/\/anita-femowo-zirndorf.de\/wp-content\/uploads\/2024\/06\/B1-300x225.jpg 300w, https:\/\/anita-femowo-zirndorf.de\/wp-content\/uploads\/2024\/06\/B1-1024x768.jpg 1024w, https:\/\/anita-femowo-zirndorf.de\/wp-content\/uploads\/2024\/06\/B1-768x576.jpg 768w, https:\/\/anita-femowo-zirndorf.de\/wp-content\/uploads\/2024\/06\/B1.jpg 1360w\" sizes=\"auto, (max-width: 300px) 100vw, 300px\" \/><\/figure>\n\n\n\n<figure class=\"wp-block-image size-medium\"><img loading=\"lazy\" decoding=\"async\" width=\"226\" height=\"300\" data-id=\"241\" src=\"https:\/\/anita-femowo-zirndorf.de\/wp-content\/uploads\/2024\/06\/B2-226x300.jpg\" alt=\"\" class=\"wp-image-241\" srcset=\"https:\/\/anita-femowo-zirndorf.de\/wp-content\/uploads\/2024\/06\/B2-226x300.jpg 226w, https:\/\/anita-femowo-zirndorf.de\/wp-content\/uploads\/2024\/06\/B2.jpg 768w\" sizes=\"auto, (max-width: 226px) 100vw, 226px\" \/><\/figure>\n\n\n\n<figure class=\"wp-block-image size-medium\"><img loading=\"lazy\" decoding=\"async\" width=\"300\" height=\"225\" data-id=\"242\" src=\"https:\/\/anita-femowo-zirndorf.de\/wp-content\/uploads\/2024\/06\/B4-300x225.jpg\" alt=\"\" class=\"wp-image-242\" srcset=\"https:\/\/anita-femowo-zirndorf.de\/wp-content\/uploads\/2024\/06\/B4-300x225.jpg 300w, https:\/\/anita-femowo-zirndorf.de\/wp-content\/uploads\/2024\/06\/B4-1024x768.jpg 1024w, https:\/\/anita-femowo-zirndorf.de\/wp-content\/uploads\/2024\/06\/B4-768x576.jpg 768w, https:\/\/anita-femowo-zirndorf.de\/wp-content\/uploads\/2024\/06\/B4.jpg 1360w\" sizes=\"auto, (max-width: 300px) 100vw, 300px\" \/><\/figure>\n\n\n\n<figure class=\"wp-block-image size-medium\"><img loading=\"lazy\" decoding=\"async\" width=\"300\" height=\"119\" data-id=\"244\" src=\"https:\/\/anita-femowo-zirndorf.de\/wp-content\/uploads\/2024\/06\/braeu-1-300x119.png\" alt=\"\" class=\"wp-image-244\" srcset=\"https:\/\/anita-femowo-zirndorf.de\/wp-content\/uploads\/2024\/06\/braeu-1-300x119.png 300w, https:\/\/anita-femowo-zirndorf.de\/wp-content\/uploads\/2024\/06\/braeu-1-1024x405.png 1024w, https:\/\/anita-femowo-zirndorf.de\/wp-content\/uploads\/2024\/06\/braeu-1-768x304.png 768w, https:\/\/anita-femowo-zirndorf.de\/wp-content\/uploads\/2024\/06\/braeu-1.png 1337w\" sizes=\"auto, (max-width: 300px) 100vw, 300px\" \/><\/figure>\n<\/figure>\n\n\n\n<p class=\"has-medium-font-size\"><strong>griechische K\u00fcche:<\/strong><br><a href=\"http:\/\/www.der-kleine-grieche-zirndorf.de\" data-type=\"link\" data-id=\"www.der-kleine-grieche-zirndorf.de\">www.der-kleine-grieche-zirndorf.de<\/a><\/p>\n\n\n\n<figure class=\"wp-block-gallery has-nested-images columns-4 is-cropped wp-block-gallery-3 is-layout-flex wp-block-gallery-is-layout-flex\">\n<figure class=\"wp-block-image size-medium\"><img loading=\"lazy\" decoding=\"async\" width=\"300\" height=\"226\" data-id=\"247\" src=\"https:\/\/anita-femowo-zirndorf.de\/wp-content\/uploads\/2024\/06\/c1-300x226.jpg\" alt=\"\" class=\"wp-image-247\" srcset=\"https:\/\/anita-femowo-zirndorf.de\/wp-content\/uploads\/2024\/06\/c1-300x226.jpg 300w, https:\/\/anita-femowo-zirndorf.de\/wp-content\/uploads\/2024\/06\/c1-1024x771.jpg 1024w, https:\/\/anita-femowo-zirndorf.de\/wp-content\/uploads\/2024\/06\/c1-768x578.jpg 768w, https:\/\/anita-femowo-zirndorf.de\/wp-content\/uploads\/2024\/06\/c1.jpg 1355w\" sizes=\"auto, (max-width: 300px) 100vw, 300px\" \/><\/figure>\n\n\n\n<figure class=\"wp-block-image size-medium\"><img loading=\"lazy\" decoding=\"async\" width=\"300\" height=\"225\" data-id=\"246\" src=\"https:\/\/anita-femowo-zirndorf.de\/wp-content\/uploads\/2024\/06\/c2-300x225.jpg\" alt=\"\" class=\"wp-image-246\" srcset=\"https:\/\/anita-femowo-zirndorf.de\/wp-content\/uploads\/2024\/06\/c2-300x225.jpg 300w, https:\/\/anita-femowo-zirndorf.de\/wp-content\/uploads\/2024\/06\/c2-1024x768.jpg 1024w, https:\/\/anita-femowo-zirndorf.de\/wp-content\/uploads\/2024\/06\/c2-768x576.jpg 768w, https:\/\/anita-femowo-zirndorf.de\/wp-content\/uploads\/2024\/06\/c2.jpg 1360w\" sizes=\"auto, (max-width: 300px) 100vw, 300px\" \/><\/figure>\n\n\n\n<figure class=\"wp-block-image size-medium\"><img loading=\"lazy\" decoding=\"async\" width=\"225\" height=\"300\" data-id=\"248\" src=\"https:\/\/anita-femowo-zirndorf.de\/wp-content\/uploads\/2024\/06\/c3-225x300.jpg\" alt=\"\" class=\"wp-image-248\" srcset=\"https:\/\/anita-femowo-zirndorf.de\/wp-content\/uploads\/2024\/06\/c3-225x300.jpg 225w, https:\/\/anita-femowo-zirndorf.de\/wp-content\/uploads\/2024\/06\/c3.jpg 765w\" sizes=\"auto, (max-width: 225px) 100vw, 225px\" \/><\/figure>\n\n\n\n<figure class=\"wp-block-image size-medium\"><img loading=\"lazy\" decoding=\"async\" width=\"300\" height=\"300\" data-id=\"249\" src=\"https:\/\/anita-femowo-zirndorf.de\/wp-content\/uploads\/2024\/06\/c4-300x300.jpg\" alt=\"\" class=\"wp-image-249\" srcset=\"https:\/\/anita-femowo-zirndorf.de\/wp-content\/uploads\/2024\/06\/c4-300x300.jpg 300w, https:\/\/anita-femowo-zirndorf.de\/wp-content\/uploads\/2024\/06\/c4-150x150.jpg 150w, https:\/\/anita-femowo-zirndorf.de\/wp-content\/uploads\/2024\/06\/c4-768x768.jpg 768w, https:\/\/anita-femowo-zirndorf.de\/wp-content\/uploads\/2024\/06\/c4.jpg 1020w\" sizes=\"auto, (max-width: 300px) 100vw, 300px\" \/><\/figure>\n<\/figure>\n\n\n\n<h2 class=\"wp-block-heading has-medium-font-size\" style=\"font-style:normal;font-weight:400\"><strong>Steak K\u00fcche:<\/strong><br><a href=\"https:\/\/bar1grillrestaurant.de\/\" data-type=\"link\" data-id=\"https:\/\/bar1grillrestaurant.de\/\">https:\/\/bar1grillrestaurant.de\/<\/a><\/h2>\n\n\n\n<figure class=\"wp-block-gallery has-nested-images columns-4 is-cropped wp-block-gallery-4 is-layout-flex wp-block-gallery-is-layout-flex\">\n<figure class=\"wp-block-image size-medium\"><img loading=\"lazy\" decoding=\"async\" width=\"225\" height=\"300\" data-id=\"252\" src=\"https:\/\/anita-femowo-zirndorf.de\/wp-content\/uploads\/2024\/06\/d1-225x300.jpg\" alt=\"\" class=\"wp-image-252\" srcset=\"https:\/\/anita-femowo-zirndorf.de\/wp-content\/uploads\/2024\/06\/d1-225x300.jpg 225w, https:\/\/anita-femowo-zirndorf.de\/wp-content\/uploads\/2024\/06\/d1.jpg 765w\" sizes=\"auto, (max-width: 225px) 100vw, 225px\" \/><\/figure>\n\n\n\n<figure class=\"wp-block-image size-medium\"><img loading=\"lazy\" decoding=\"async\" width=\"300\" height=\"300\" data-id=\"253\" src=\"https:\/\/anita-femowo-zirndorf.de\/wp-content\/uploads\/2024\/06\/d2-300x300.jpg\" alt=\"\" class=\"wp-image-253\" srcset=\"https:\/\/anita-femowo-zirndorf.de\/wp-content\/uploads\/2024\/06\/d2-300x300.jpg 300w, https:\/\/anita-femowo-zirndorf.de\/wp-content\/uploads\/2024\/06\/d2-150x150.jpg 150w, https:\/\/anita-femowo-zirndorf.de\/wp-content\/uploads\/2024\/06\/d2-768x768.jpg 768w, https:\/\/anita-femowo-zirndorf.de\/wp-content\/uploads\/2024\/06\/d2.jpg 1020w\" sizes=\"auto, (max-width: 300px) 100vw, 300px\" \/><\/figure>\n\n\n\n<figure class=\"wp-block-image size-medium\"><img loading=\"lazy\" decoding=\"async\" width=\"300\" height=\"256\" data-id=\"255\" src=\"https:\/\/anita-femowo-zirndorf.de\/wp-content\/uploads\/2024\/06\/d3-300x256.jpg\" alt=\"\" class=\"wp-image-255\" srcset=\"https:\/\/anita-femowo-zirndorf.de\/wp-content\/uploads\/2024\/06\/d3-300x256.jpg 300w, https:\/\/anita-femowo-zirndorf.de\/wp-content\/uploads\/2024\/06\/d3-1024x874.jpg 1024w, https:\/\/anita-femowo-zirndorf.de\/wp-content\/uploads\/2024\/06\/d3-768x656.jpg 768w, https:\/\/anita-femowo-zirndorf.de\/wp-content\/uploads\/2024\/06\/d3.jpg 1195w\" sizes=\"auto, (max-width: 300px) 100vw, 300px\" \/><\/figure>\n\n\n\n<figure class=\"wp-block-image size-medium\"><img loading=\"lazy\" decoding=\"async\" width=\"225\" height=\"300\" data-id=\"254\" src=\"https:\/\/anita-femowo-zirndorf.de\/wp-content\/uploads\/2024\/06\/d4-225x300.jpg\" alt=\"\" class=\"wp-image-254\" srcset=\"https:\/\/anita-femowo-zirndorf.de\/wp-content\/uploads\/2024\/06\/d4-225x300.jpg 225w, https:\/\/anita-femowo-zirndorf.de\/wp-content\/uploads\/2024\/06\/d4.jpg 765w\" sizes=\"auto, (max-width: 225px) 100vw, 225px\" \/><\/figure>\n<\/figure>\n\n\n\n<p class=\"has-medium-font-size\"><strong>Cocktails\/Bar:<\/strong><br><a href=\"http:\/\/www.el-cafe-oas.de\/\" data-type=\"link\" data-id=\"http:\/\/www.el-cafe-oas.de\/\">http:\/\/www.el-cafe-oas.de\/<\/a><\/p>\n\n\n\n<figure class=\"wp-block-gallery has-nested-images columns-4 is-cropped wp-block-gallery-5 is-layout-flex wp-block-gallery-is-layout-flex\">\n<figure class=\"wp-block-image size-medium\"><img loading=\"lazy\" decoding=\"async\" width=\"300\" height=\"225\" data-id=\"260\" src=\"https:\/\/anita-femowo-zirndorf.de\/wp-content\/uploads\/2024\/06\/e2-300x225.jpg\" alt=\"\" class=\"wp-image-260\" srcset=\"https:\/\/anita-femowo-zirndorf.de\/wp-content\/uploads\/2024\/06\/e2-300x225.jpg 300w, https:\/\/anita-femowo-zirndorf.de\/wp-content\/uploads\/2024\/06\/e2-1024x768.jpg 1024w, https:\/\/anita-femowo-zirndorf.de\/wp-content\/uploads\/2024\/06\/e2-768x576.jpg 768w, https:\/\/anita-femowo-zirndorf.de\/wp-content\/uploads\/2024\/06\/e2.jpg 1360w\" sizes=\"auto, (max-width: 300px) 100vw, 300px\" \/><\/figure>\n\n\n\n<figure class=\"wp-block-image size-medium\"><img loading=\"lazy\" decoding=\"async\" width=\"300\" height=\"225\" data-id=\"259\" src=\"https:\/\/anita-femowo-zirndorf.de\/wp-content\/uploads\/2024\/06\/e3-300x225.jpg\" alt=\"\" class=\"wp-image-259\" srcset=\"https:\/\/anita-femowo-zirndorf.de\/wp-content\/uploads\/2024\/06\/e3-300x225.jpg 300w, https:\/\/anita-femowo-zirndorf.de\/wp-content\/uploads\/2024\/06\/e3-1024x768.jpg 1024w, https:\/\/anita-femowo-zirndorf.de\/wp-content\/uploads\/2024\/06\/e3-768x576.jpg 768w, https:\/\/anita-femowo-zirndorf.de\/wp-content\/uploads\/2024\/06\/e3.jpg 1360w\" sizes=\"auto, (max-width: 300px) 100vw, 300px\" \/><\/figure>\n\n\n\n<figure class=\"wp-block-image size-medium\"><img loading=\"lazy\" decoding=\"async\" width=\"300\" height=\"225\" data-id=\"261\" src=\"https:\/\/anita-femowo-zirndorf.de\/wp-content\/uploads\/2024\/06\/e5-300x225.jpg\" alt=\"\" class=\"wp-image-261\" srcset=\"https:\/\/anita-femowo-zirndorf.de\/wp-content\/uploads\/2024\/06\/e5-300x225.jpg 300w, https:\/\/anita-femowo-zirndorf.de\/wp-content\/uploads\/2024\/06\/e5-1024x768.jpg 1024w, https:\/\/anita-femowo-zirndorf.de\/wp-content\/uploads\/2024\/06\/e5-768x576.jpg 768w, https:\/\/anita-femowo-zirndorf.de\/wp-content\/uploads\/2024\/06\/e5.jpg 1360w\" sizes=\"auto, (max-width: 300px) 100vw, 300px\" \/><\/figure>\n\n\n\n<figure class=\"wp-block-image size-medium\"><img loading=\"lazy\" decoding=\"async\" width=\"225\" height=\"300\" data-id=\"258\" src=\"https:\/\/anita-femowo-zirndorf.de\/wp-content\/uploads\/2024\/06\/e6-225x300.jpg\" alt=\"\" class=\"wp-image-258\" srcset=\"https:\/\/anita-femowo-zirndorf.de\/wp-content\/uploads\/2024\/06\/e6-225x300.jpg 225w, https:\/\/anita-femowo-zirndorf.de\/wp-content\/uploads\/2024\/06\/e6.jpg 765w\" sizes=\"auto, (max-width: 225px) 100vw, 225px\" \/><\/figure>\n<\/figure>\n\n\n\n<h2 class=\"wp-block-heading has-medium-font-size\"><strong>Cocktails\/Bar:<\/strong><br><a href=\"http:\/\/www.sushihaus-zirndorf.de\/\"><strong>http:\/\/www.sushihaus-zirndorf.de\/<\/strong><\/a><\/h2>\n\n\n\n<figure class=\"wp-block-gallery has-nested-images columns-4 is-cropped wp-block-gallery-6 is-layout-flex wp-block-gallery-is-layout-flex\">\n<figure class=\"wp-block-image size-medium\"><img loading=\"lazy\" decoding=\"async\" width=\"300\" height=\"225\" data-id=\"266\" src=\"https:\/\/anita-femowo-zirndorf.de\/wp-content\/uploads\/2024\/06\/s1-300x225.jpg\" alt=\"\" class=\"wp-image-266\" srcset=\"https:\/\/anita-femowo-zirndorf.de\/wp-content\/uploads\/2024\/06\/s1-300x225.jpg 300w, https:\/\/anita-femowo-zirndorf.de\/wp-content\/uploads\/2024\/06\/s1-1024x768.jpg 1024w, https:\/\/anita-femowo-zirndorf.de\/wp-content\/uploads\/2024\/06\/s1-768x576.jpg 768w, https:\/\/anita-femowo-zirndorf.de\/wp-content\/uploads\/2024\/06\/s1.jpg 1360w\" sizes=\"auto, (max-width: 300px) 100vw, 300px\" \/><\/figure>\n\n\n\n<figure class=\"wp-block-image size-medium\"><img loading=\"lazy\" decoding=\"async\" width=\"300\" height=\"252\" data-id=\"264\" src=\"https:\/\/anita-femowo-zirndorf.de\/wp-content\/uploads\/2024\/06\/s2-300x252.jpeg\" alt=\"\" class=\"wp-image-264\" srcset=\"https:\/\/anita-femowo-zirndorf.de\/wp-content\/uploads\/2024\/06\/s2-300x252.jpeg 300w, https:\/\/anita-femowo-zirndorf.de\/wp-content\/uploads\/2024\/06\/s2.jpeg 703w\" sizes=\"auto, (max-width: 300px) 100vw, 300px\" \/><\/figure>\n\n\n\n<figure class=\"wp-block-image size-medium\"><img loading=\"lazy\" decoding=\"async\" width=\"300\" height=\"225\" data-id=\"265\" src=\"https:\/\/anita-femowo-zirndorf.de\/wp-content\/uploads\/2024\/06\/s3-300x225.jpg\" alt=\"\" class=\"wp-image-265\" srcset=\"https:\/\/anita-femowo-zirndorf.de\/wp-content\/uploads\/2024\/06\/s3-300x225.jpg 300w, https:\/\/anita-femowo-zirndorf.de\/wp-content\/uploads\/2024\/06\/s3-1024x768.jpg 1024w, https:\/\/anita-femowo-zirndorf.de\/wp-content\/uploads\/2024\/06\/s3-768x576.jpg 768w, https:\/\/anita-femowo-zirndorf.de\/wp-content\/uploads\/2024\/06\/s3.jpg 1360w\" sizes=\"auto, (max-width: 300px) 100vw, 300px\" \/><\/figure>\n\n\n\n<figure class=\"wp-block-image size-medium\"><img loading=\"lazy\" decoding=\"async\" width=\"300\" height=\"225\" data-id=\"267\" src=\"https:\/\/anita-femowo-zirndorf.de\/wp-content\/uploads\/2024\/06\/s4-300x225.jpg\" alt=\"\" class=\"wp-image-267\" srcset=\"https:\/\/anita-femowo-zirndorf.de\/wp-content\/uploads\/2024\/06\/s4-300x225.jpg 300w, https:\/\/anita-femowo-zirndorf.de\/wp-content\/uploads\/2024\/06\/s4-1024x768.jpg 1024w, https:\/\/anita-femowo-zirndorf.de\/wp-content\/uploads\/2024\/06\/s4-768x576.jpg 768w, https:\/\/anita-femowo-zirndorf.de\/wp-content\/uploads\/2024\/06\/s4.jpg 1360w\" sizes=\"auto, (max-width: 300px) 100vw, 300px\" \/><\/figure>\n<\/figure>\n\n\n\n<h2 class=\"wp-block-heading has-medium-font-size\"><strong>Goldener L\u00f6we: (fr\u00e4nkische und griechische Spezialit\u00e4ten)<\/strong><br><a href=\"https:\/\/www.goldener-loewe-zirndorf.de\/pdf\/goldener-loewe-zirndorf-speisekarte-fraenkischen-und-griechische-spezialitaeten-10-2021.pdf\"><strong>https:\/\/www.goldener-loewe-zirndorf.de\/pdf\/goldener-loewe-zirndorf-speisekarte-fraenkischen-und-griechische-spezialitaeten-10-2021.pdf<\/strong><\/a><\/h2>\n\n\n\n<figure class=\"wp-block-gallery has-nested-images columns-4 is-cropped wp-block-gallery-7 is-layout-flex wp-block-gallery-is-layout-flex\">\n<figure class=\"wp-block-image size-medium\"><img loading=\"lazy\" decoding=\"async\" width=\"300\" height=\"300\" data-id=\"271\" src=\"https:\/\/anita-femowo-zirndorf.de\/wp-content\/uploads\/2024\/06\/g1-300x300.jpg\" alt=\"\" class=\"wp-image-271\" srcset=\"https:\/\/anita-femowo-zirndorf.de\/wp-content\/uploads\/2024\/06\/g1-300x300.jpg 300w, https:\/\/anita-femowo-zirndorf.de\/wp-content\/uploads\/2024\/06\/g1-150x150.jpg 150w, https:\/\/anita-femowo-zirndorf.de\/wp-content\/uploads\/2024\/06\/g1-768x768.jpg 768w, https:\/\/anita-femowo-zirndorf.de\/wp-content\/uploads\/2024\/06\/g1.jpg 1020w\" sizes=\"auto, (max-width: 300px) 100vw, 300px\" \/><\/figure>\n\n\n\n<figure class=\"wp-block-image size-medium\"><img loading=\"lazy\" decoding=\"async\" width=\"300\" height=\"169\" data-id=\"272\" src=\"https:\/\/anita-femowo-zirndorf.de\/wp-content\/uploads\/2024\/06\/g2-300x169.jpg\" alt=\"\" class=\"wp-image-272\" srcset=\"https:\/\/anita-femowo-zirndorf.de\/wp-content\/uploads\/2024\/06\/g2-300x169.jpg 300w, https:\/\/anita-femowo-zirndorf.de\/wp-content\/uploads\/2024\/06\/g2-1024x576.jpg 1024w, https:\/\/anita-femowo-zirndorf.de\/wp-content\/uploads\/2024\/06\/g2-768x432.jpg 768w, https:\/\/anita-femowo-zirndorf.de\/wp-content\/uploads\/2024\/06\/g2.jpg 1360w\" sizes=\"auto, (max-width: 300px) 100vw, 300px\" \/><\/figure>\n\n\n\n<figure class=\"wp-block-image size-medium\"><img loading=\"lazy\" decoding=\"async\" width=\"300\" height=\"300\" data-id=\"270\" src=\"https:\/\/anita-femowo-zirndorf.de\/wp-content\/uploads\/2024\/06\/g3-300x300.jpg\" alt=\"\" class=\"wp-image-270\" srcset=\"https:\/\/anita-femowo-zirndorf.de\/wp-content\/uploads\/2024\/06\/g3-300x300.jpg 300w, https:\/\/anita-femowo-zirndorf.de\/wp-content\/uploads\/2024\/06\/g3-150x150.jpg 150w, https:\/\/anita-femowo-zirndorf.de\/wp-content\/uploads\/2024\/06\/g3-768x768.jpg 768w, https:\/\/anita-femowo-zirndorf.de\/wp-content\/uploads\/2024\/06\/g3.jpg 1020w\" sizes=\"auto, (max-width: 300px) 100vw, 300px\" \/><\/figure>\n\n\n\n<figure class=\"wp-block-image size-medium\"><img loading=\"lazy\" decoding=\"async\" width=\"300\" height=\"225\" data-id=\"273\" src=\"https:\/\/anita-femowo-zirndorf.de\/wp-content\/uploads\/2024\/06\/g4-300x225.jpg\" alt=\"\" class=\"wp-image-273\" srcset=\"https:\/\/anita-femowo-zirndorf.de\/wp-content\/uploads\/2024\/06\/g4-300x225.jpg 300w, https:\/\/anita-femowo-zirndorf.de\/wp-content\/uploads\/2024\/06\/g4-1024x768.jpg 1024w, https:\/\/anita-femowo-zirndorf.de\/wp-content\/uploads\/2024\/06\/g4-768x576.jpg 768w, https:\/\/anita-femowo-zirndorf.de\/wp-content\/uploads\/2024\/06\/g4.jpg 1360w\" sizes=\"auto, (max-width: 300px) 100vw, 300px\" \/><\/figure>\n<\/figure>\n\n\n\n<h2 class=\"wp-block-heading has-medium-font-size\"><strong>Indische Spezialit\u00e4ten:<br><a href=\"https:\/\/tandoori-zirndorf.de\/speisekarte\/\">https:\/\/tandoori-zirndorf.de\/speisekarte\/<\/a><\/strong><br><\/h2>\n\n\n\n<figure class=\"wp-block-gallery has-nested-images columns-4 is-cropped wp-block-gallery-8 is-layout-flex wp-block-gallery-is-layout-flex\">\n<figure class=\"wp-block-image size-medium\"><img loading=\"lazy\" decoding=\"async\" width=\"300\" height=\"225\" data-id=\"276\" src=\"https:\/\/anita-femowo-zirndorf.de\/wp-content\/uploads\/2024\/06\/i1-300x225.jpg\" alt=\"\" class=\"wp-image-276\" srcset=\"https:\/\/anita-femowo-zirndorf.de\/wp-content\/uploads\/2024\/06\/i1-300x225.jpg 300w, https:\/\/anita-femowo-zirndorf.de\/wp-content\/uploads\/2024\/06\/i1-1024x768.jpg 1024w, https:\/\/anita-femowo-zirndorf.de\/wp-content\/uploads\/2024\/06\/i1-768x576.jpg 768w, https:\/\/anita-femowo-zirndorf.de\/wp-content\/uploads\/2024\/06\/i1.jpg 1360w\" sizes=\"auto, (max-width: 300px) 100vw, 300px\" \/><\/figure>\n\n\n\n<figure class=\"wp-block-image size-medium\"><img loading=\"lazy\" decoding=\"async\" width=\"300\" height=\"135\" data-id=\"277\" src=\"https:\/\/anita-femowo-zirndorf.de\/wp-content\/uploads\/2024\/06\/i2-300x135.jpg\" alt=\"\" class=\"wp-image-277\" srcset=\"https:\/\/anita-femowo-zirndorf.de\/wp-content\/uploads\/2024\/06\/i2-300x135.jpg 300w, https:\/\/anita-femowo-zirndorf.de\/wp-content\/uploads\/2024\/06\/i2-1024x461.jpg 1024w, https:\/\/anita-femowo-zirndorf.de\/wp-content\/uploads\/2024\/06\/i2-768x346.jpg 768w, https:\/\/anita-femowo-zirndorf.de\/wp-content\/uploads\/2024\/06\/i2.jpg 1360w\" sizes=\"auto, (max-width: 300px) 100vw, 300px\" \/><\/figure>\n\n\n\n<figure class=\"wp-block-image size-medium\"><img loading=\"lazy\" decoding=\"async\" width=\"225\" height=\"300\" data-id=\"274\" src=\"https:\/\/anita-femowo-zirndorf.de\/wp-content\/uploads\/2024\/06\/i3-225x300.jpg\" alt=\"\" class=\"wp-image-274\" srcset=\"https:\/\/anita-femowo-zirndorf.de\/wp-content\/uploads\/2024\/06\/i3-225x300.jpg 225w, https:\/\/anita-femowo-zirndorf.de\/wp-content\/uploads\/2024\/06\/i3.jpg 765w\" sizes=\"auto, (max-width: 225px) 100vw, 225px\" \/><\/figure>\n\n\n\n<figure class=\"wp-block-image size-medium\"><img loading=\"lazy\" decoding=\"async\" width=\"225\" height=\"300\" data-id=\"275\" src=\"https:\/\/anita-femowo-zirndorf.de\/wp-content\/uploads\/2024\/06\/i4-225x300.jpg\" alt=\"\" class=\"wp-image-275\" srcset=\"https:\/\/anita-femowo-zirndorf.de\/wp-content\/uploads\/2024\/06\/i4-225x300.jpg 225w, https:\/\/anita-femowo-zirndorf.de\/wp-content\/uploads\/2024\/06\/i4.jpg 765w\" sizes=\"auto, (max-width: 225px) 100vw, 225px\" \/><\/figure>\n<\/figure>\n","protected":false},"excerpt":{"rendered":"<p>fr\u00e4nkische K\u00fcche:www.altstadtklause-zirndorf.de www.braeuschank.de griechische K\u00fcche:www.der-kleine-grieche-zirndorf.de Steak K\u00fcche:https:\/\/bar1grillrestaurant.de\/ Cocktails\/Bar:http:\/\/www.el-cafe-oas.de\/ Cocktails\/Bar:http:\/\/www.sushihaus-zirndorf.de\/ Goldener L\u00f6we: (fr\u00e4nkische und griechische Spezialit\u00e4ten)https:\/\/www.goldener-loewe-zirndorf.de\/pdf\/goldener-loewe-zirndorf-speisekarte-fraenkischen-und-griechische-spezialitaeten-10-2021.pdf Indische Spezialit\u00e4ten:https:\/\/tandoori-zirndorf.de\/speisekarte\/<\/p>\n","protected":false},"author":1,"featured_media":0,"parent":0,"menu_order":0,"comment_status":"closed","ping_status":"closed","template":"","meta":{"footnotes":""},"class_list":["post-103","page","type-page","status-publish","hentry","post"],"_links":{"self":[{"href":"https:\/\/anita-femowo-zirndorf.de\/index.php?rest_route=\/wp\/v2\/pages\/103","targetHints":{"allow":["GET"]}}],"collection":[{"href":"https:\/\/anita-femowo-zirndorf.de\/index.php?rest_route=\/wp\/v2\/pages"}],"about":[{"href":"https:\/\/anita-femowo-zirndorf.de\/index.php?rest_route=\/wp\/v2\/types\/page"}],"author":[{"embeddable":true,"href":"https:\/\/anita-femowo-zirndorf.de\/index.php?rest_route=\/wp\/v2\/users\/1"}],"replies":[{"embeddable":true,"href":"https:\/\/anita-femowo-zirndorf.de\/index.php?rest_route=%2Fwp%2Fv2%2Fcomments&post=103"}],"version-history":[{"count":15,"href":"https:\/\/anita-femowo-zirndorf.de\/index.php?rest_route=\/wp\/v2\/pages\/103\/revisions"}],"predecessor-version":[{"id":278,"href":"https:\/\/anita-femowo-zirndorf.de\/index.php?rest_route=\/wp\/v2\/pages\/103\/revisions\/278"}],"wp:attachment":[{"href":"https:\/\/anita-femowo-zirndorf.de\/index.php?rest_route=%2Fwp%2Fv2%2Fmedia&parent=103"}],"curies":[{"name":"wp","href":"https:\/\/api.w.org\/{rel}","templated":true}]}}