{"id":12,"date":"2024-06-05T11:46:41","date_gmt":"2024-06-05T11:46:41","guid":{"rendered":"https:\/\/anita-femowo-zirndorf.de\/?page_id=12"},"modified":"2024-06-27T05:36:33","modified_gmt":"2024-06-27T05:36:33","slug":"preise","status":"publish","type":"page","link":"https:\/\/anita-femowo-zirndorf.de\/?page_id=12","title":{"rendered":"Preise"},"content":{"rendered":"\n<h2 class=\"wp-block-heading has-black-color has-text-color has-link-color has-medium-font-size wp-elements-680b0b118c6215946cdb7c2877bd7f3d\" style=\"text-decoration:underline\"><strong>Monteur und Ferienwohnung<\/strong> <strong>(auch f\u00fcr Familien geeignet)<\/strong><\/h2>\n\n\n\n<figure class=\"wp-block-table is-style-stripes has-medium-font-size\"><table class=\"has-black-color has-cyan-bluish-gray-background-color has-text-color has-background has-link-color\"><tbody><tr><td><strong>Einzelzimmer:<\/strong><br>Personen: ab 55,00 \u20ac Anzahl: 1<br>G\u00e4ste: 1 <strong>Preis:<\/strong><em> <em>55,00 \u20ac<\/em><\/em>  <br>Geb\u00fchr Endreinigung: 50,00 \u20ac<br>Min. Mietdauer (N\u00e4chte): 4                                                                       <a href=\"info@anita-femowo-zirndorf.de\">Anfrage<\/a><\/td><\/tr><\/tbody><\/table><\/figure>\n\n\n\n<figure class=\"wp-block-table is-style-stripes has-medium-font-size\"><table class=\"has-black-color has-cyan-bluish-gray-background-color has-text-color has-background has-link-color\"><tbody><tr><td><strong>Doppelzimmer:<\/strong><br>2 Doppelzimmer f\u00fcr jeweils&nbsp;2 Personen ab 28,00 \u20ac pro Person<br>Anzahl: 2 \/ G\u00e4ste: 2 \/ <strong>Preis:<\/strong><em> <em>55,00 \u20ac<\/em><\/em>  <br>Geb\u00fchr Endreinigung: 50,00 \u20ac<br>Min. Mietdauer (N\u00e4chte): 4                                                                       <a href=\"info@anita-femowo-zirndorf.de\">Anfrage<\/a><\/td><\/tr><\/tbody><\/table><\/figure>\n\n\n\n<figure class=\"wp-block-table is-style-stripes has-medium-font-size\" style=\"text-transform:capitalize\"><table class=\"has-black-color has-cyan-bluish-gray-background-color has-text-color has-background has-link-color\"><tbody><tr><td><strong>Mehrbettzimmer<\/strong>:<br>3 Mehrbettzimmer f\u00fcr jeweils&nbsp;3 Personen ab 18,00 \u20ac pro Person<br>Anzahl: 3 \/ G\u00e4ste: 3 \/ <strong>Preis:<\/strong><em> <em>55,00 \u20ac<\/em><\/em>  <br>Geb\u00fchr Endreinigung: 50,00 \u20ac<br>Min. Mietdauer (N\u00e4chte): 4                                                                       <a href=\"info@anita-femowo-zirndorf.de\">Anfrage<\/a><\/td><\/tr><\/tbody><\/table><\/figure>\n\n\n\n<figure class=\"wp-block-table is-style-stripes has-medium-font-size\"><table class=\"has-black-color has-cyan-bluish-gray-background-color has-text-color has-background has-link-color\"><tbody><tr><td><strong>Wohnung komplett:<\/strong><br>Ganze Unterkunft f\u00fcr 6 Personen ab 18,00 \u20ac pro Person<br>Anzahl: 1 \/ G\u00e4ste: 6 \/ <strong>Preis:<\/strong><em> <em>110,00 \u20ac<\/em><\/em>  <br>Geb\u00fchr Endreinigung: 50,00 \u20ac<br>Min. Mietdauer (N\u00e4chte): 4                                                                       <a href=\"info@anita-femowo-zirndorf.de\">Anfrage<\/a><\/td><\/tr><\/tbody><\/table><\/figure>\n\n\n\n<h4 class=\"wp-block-heading has-black-color has-text-color has-link-color has-medium-font-size wp-elements-8048f58a8cc0b24aed73a304f34d010e\">Zus\u00e4tzliche Preisinformationen<\/h4>\n\n\n\n<p>Preise \u2013 Zielgruppe Monteure<br>Preise inkl. Bettw\u00e4sche, Bade- und K\u00fcchent\u00fccher incl. Nebenkosten.<br><br>-Endreinigung: 50,00 \u20ac<br>-Einzel\u00fcbernachtungszuschlag 20,00 Euro<br>-Langzeitbuchungen m\u00f6glich &#8211; Preise nach R\u00fccksprache<br>-Anreise ab 15.00 bis 21.00 Uhr<br>-Abreise bis 11:00 Uhr<br>-Zahlungsbedingungen: Rechnung bei Ankunft <br>(\u00dcberweisung vorab bzw. 1 Tag nach Einzug) oder <br>(Barzahlung bei Ankunft gegen Rechnung\/Quittung)<br>-Reservierung\/Buchung wird per E- Mail best\u00e4tigt<br>-Stornierung der Reservierung\/Buchung nur schriftlich per Post bzw. E-Mail m\u00f6glich<\/p>\n\n\n\n<h3 class=\"wp-block-heading has-black-color has-text-color has-link-color wp-elements-2db88f05732739febf5ebfd7aeebb282\" style=\"text-decoration:underline\">Ausstattung:<\/h3>\n\n\n\n<figure class=\"wp-block-image size-full is-resized\"><img loading=\"lazy\" decoding=\"async\" width=\"488\" height=\"544\" src=\"https:\/\/anita-femowo-zirndorf.de\/wp-content\/uploads\/2024\/06\/grafik-3.png\" alt=\"\" class=\"wp-image-185\" style=\"width:427px;height:auto\" srcset=\"https:\/\/anita-femowo-zirndorf.de\/wp-content\/uploads\/2024\/06\/grafik-3.png 488w, https:\/\/anita-femowo-zirndorf.de\/wp-content\/uploads\/2024\/06\/grafik-3-269x300.png 269w\" sizes=\"auto, (max-width: 488px) 100vw, 488px\" \/><\/figure>\n\n\n\n<p><strong>Registrierungsnummer \/ Impressum:<\/strong><br><a href=\"http:\/\/www.anita-femowo-zirndorf.de\">www.anita-femowo-zirndorf.de<\/a><\/p>\n\n\n\n<p>\u2014<\/p>\n\n\n\n<p>Diese Unterkunft begr\u00fc\u00dft seit dem 02.05.2015 Mieter auf Monteurzimmer.de.<\/p>\n","protected":false},"excerpt":{"rendered":"<p>Monteur und Ferienwohnung (auch f\u00fcr Familien geeignet) Einzelzimmer:Personen: ab 55,00 \u20ac Anzahl: 1G\u00e4ste: 1 Preis: 55,00 \u20ac Geb\u00fchr Endreinigung: 50,00 \u20acMin. Mietdauer (N\u00e4chte): 4 Anfrage Doppelzimmer:2 Doppelzimmer f\u00fcr jeweils&nbsp;2 Personen ab 28,00 \u20ac pro PersonAnzahl: 2 \/ G\u00e4ste: 2 \/ Preis: 55,00 \u20ac Geb\u00fchr Endreinigung: 50,00 \u20acMin. Mietdauer (N\u00e4chte): 4 Anfrage Mehrbettzimmer:3 Mehrbettzimmer f\u00fcr jeweils&nbsp;3 [&hellip;]<\/p>\n","protected":false},"author":1,"featured_media":0,"parent":0,"menu_order":0,"comment_status":"closed","ping_status":"closed","template":"","meta":{"footnotes":""},"class_list":["post-12","page","type-page","status-publish","hentry","post"],"_links":{"self":[{"href":"https:\/\/anita-femowo-zirndorf.de\/index.php?rest_route=\/wp\/v2\/pages\/12","targetHints":{"allow":["GET"]}}],"collection":[{"href":"https:\/\/anita-femowo-zirndorf.de\/index.php?rest_route=\/wp\/v2\/pages"}],"about":[{"href":"https:\/\/anita-femowo-zirndorf.de\/index.php?rest_route=\/wp\/v2\/types\/page"}],"author":[{"embeddable":true,"href":"https:\/\/anita-femowo-zirndorf.de\/index.php?rest_route=\/wp\/v2\/users\/1"}],"replies":[{"embeddable":true,"href":"https:\/\/anita-femowo-zirndorf.de\/index.php?rest_route=%2Fwp%2Fv2%2Fcomments&post=12"}],"version-history":[{"count":10,"href":"https:\/\/anita-femowo-zirndorf.de\/index.php?rest_route=\/wp\/v2\/pages\/12\/revisions"}],"predecessor-version":[{"id":186,"href":"https:\/\/anita-femowo-zirndorf.de\/index.php?rest_route=\/wp\/v2\/pages\/12\/revisions\/186"}],"wp:attachment":[{"href":"https:\/\/anita-femowo-zirndorf.de\/index.php?rest_route=%2Fwp%2Fv2%2Fmedia&parent=12"}],"curies":[{"name":"wp","href":"https:\/\/api.w.org\/{rel}","templated":true}]}}